{"id":58,"date":"2022-05-02T18:01:43","date_gmt":"2022-05-02T16:01:43","guid":{"rendered":"http:\/\/mail.docenten.se\/bokning\/docenten\/?page_id=58"},"modified":"2022-06-29T21:58:22","modified_gmt":"2022-06-29T19:58:22","slug":"snickarboa","status":"publish","type":"page","link":"https:\/\/mail.docenten.se\/bokning\/docenten\/snickarboa\/","title":{"rendered":"Snickarboa"},"content":{"rendered":"\n<figure class=\"wp-block-image size-full is-resized\"><a href=\"https:\/\/www.hsb.se\/sodertorn\/brf\/docenten\/vara-lokaler2\/snickarboa\/\"><img loading=\"lazy\" decoding=\"async\" src=\"http:\/\/mail.docenten.se\/bokning\/docenten\/wp-content\/uploads\/2022\/05\/2031484.png\" alt=\"\" class=\"wp-image-79\" width=\"66\" height=\"66\" srcset=\"https:\/\/mail.docenten.se\/bokning\/docenten\/wp-content\/uploads\/2022\/05\/2031484.png 512w, https:\/\/mail.docenten.se\/bokning\/docenten\/wp-content\/uploads\/2022\/05\/2031484-300x300.png 300w, https:\/\/mail.docenten.se\/bokning\/docenten\/wp-content\/uploads\/2022\/05\/2031484-150x150.png 150w\" sizes=\"auto, (max-width: 66px) 100vw, 66px\" \/><\/a><figcaption>Tillbaka<\/figcaption><\/figure>\n\n\n\n<p class=\"is-style-inclusive-border\">Bokning av Snickarboa sker normalt veckovis. Klicka g\u00e4rna p\u00e5 start och slutdatum. <\/p>\n\n\n\n<div class=\"wp-block-booking-booking\"> <div id=\"form_id615429521494\" class=\"wpdevelop\"><form  id=\"booking_form3\"   class=\"booking_form vertical\" method=\"post\" action=\"\"><div id=\"ajax_respond_insert3\" class=\"ajax_respond_insert\" style=\"display:none;\"><\/div><a name=\"bklnk3\" id=\"bklnk3\"><\/a><div id=\"booking_form_div3\" class=\"booking_form_div\"><div class=\"wpbc_booking_form_structure wpbc_form_center\">\r\n  <div class=\"wpbc_structure_calendar\">\r\n    <div class=\"wpbc_change_over_triangle\"><div class=\"bk_calendar_frame months_num_in_row_ cal_month_num_3\" style=\"width:100%;max-width:852px;\"><div id=\"calendar_booking3\">Kalendern laddas...<\/div><\/div><textarea id=\"date_booking3\" name=\"date_booking3\" autocomplete=\"off\" style=\"display:none;\"><\/textarea><div class=\"block_hints datepick\"><div class=\"wpdev_hint_with_text\"><div class=\"block_free datepick-days-cell\"><a>13<\/a><\/div><div class=\"block_text\">- Tillg\u00e4nglig<\/div><\/div><div class=\"wpdev_hint_with_text\"><div class=\"block_booked date_approved\">13<\/div><div class=\"block_text\">- Bokad<\/div><\/div><div class=\"wpdev_hint_with_text\"><div class=\"block_pending date2approve\">13<\/div><div class=\"block_text\">- Reserverad<\/div><\/div><div class=\"wpdev_hint_with_text \"><div class=\"datepick-inline\" style=\"width:30px !important;border: 0;box-shadow: none;float: left;min-width: 30px;padding: 0;\"><table class=\"datepick\" style=\"\"><tbody><tr><td class=\"datepick-days-cell date_available date_approved timespartly check_in_time check_in_time_date_approved\" style=\"height: 30px !important;\"><div class=\"wpbc-cell-box\">\t<div class=\"wpbc-diagonal-el\">\t\t<div class=\"wpbc-co-out\"><svg height=\"100%\" width=\"100%\" viewBox=\"0 0 100 100\" preserveAspectRatio=\"none\"><polygon points=\"0,0 0,99 99,0\"><\/polygon><polygon points=\"0,0 0,100 49,100 49,0\"><\/polygon><\/svg><\/div>\t\t<div class=\"wpbc-co-in\"><svg height=\"100%\" width=\"100%\" viewBox=\"0 0 98 98\" preserveAspectRatio=\"none\"><polygon points=\"0,99 99,99 99,0\"><\/polygon><polygon points=\"50,98 98,98 98,0 50,0\"><\/polygon><\/svg><\/div>\t<\/div>\t<div class=\"date-cell-content\">\t\t<div class=\"date-content-top\"><div class=\"wpbc_time_dots\">\u00b7<\/div><\/div>\t\t<a>13<\/a>\t\t<div class=\"date-content-bottom\"><\/div>\t<\/div><\/div><\/td><\/tr><\/tbody><\/table><\/div><div class=\"block_text\">- Delvis bokad<\/div><\/div><\/div><div class=\"wpdev_clear_hint\"><\/div><\/div>\r\n  <\/div>\r\n  <div class=\"wpbc_structure_form\">\r\n     <p>F\u00f6rnamn*:<br \/><span class=\"wpdev-form-control-wrap name3\"><input type=\"text\" name=\"name3\" value=\"\" class=\"wpdev-validates-as-required\" size=\"40\" \/><\/span><\/p>\r\n     <p>Efternamn*:<br \/><span class=\"wpdev-form-control-wrap secondname3\"><input type=\"text\" name=\"secondname3\" value=\"\" class=\"wpdev-validates-as-required\" size=\"40\" \/><\/span><\/p>\r\n     <p>Epost*:<br \/><span class=\"wpdev-form-control-wrap email3\"><input type=\"text\" name=\"email3\" value=\"\" class=\"wpdev-validates-as-email wpdev-validates-as-required\" size=\"40\" \/><\/span><\/p>\r\n     <p>Mobilnr:<br \/><span class=\"wpdev-form-control-wrap phone3\"><input type=\"text\" name=\"phone3\" value=\"\" size=\"40\" \/><\/span><\/p>\r\n     <p>Antal g\u00e4ster:<br \/><span class=\"wpdev-form-control-wrap antalgster3\"><input type=\"text\" name=\"antalgster3\" value=\"\" size=\"40\" \/><\/span><\/p>\r\n     <p>Port och HSB l\u00e4genhetsnummer*:<br \/><\/p>\r\n\t  <p style=\"font-size:13px\">(*l\u00e4genhetsnummer hittar du under 'Min Bostad' i HSB portalen)<br \/><span class=\"wpdev-form-control-wrap portochhsblgenhetsnummer3\"><input type=\"text\" name=\"portochhsblgenhetsnummer3\" value=\"\" class=\"wpdev-validates-as-required\" size=\"40\" \/><\/span><\/p>\r\n     <p>Meddelande:<br \/><span class=\"wpdev-form-control-wrap meddelande3\"><textarea name=\"meddelande3\" cols=\"40\" rows=\"10\"><\/textarea><\/span><\/p>\r\n     <p>Tidsintervall*:<br \/><span class=\"wpdev-form-control-wrap rangetime3\"><select onchange=\"javascript:if(typeof( showCostHintInsideBkForm ) == 'function') {  showCostHintInsideBkForm(3);}\" name=\"rangetime3\" class=\"wpdev-validates-as-required\"><option value=\"15:00 - 12:00\">L\u00e4genhetsbokning - standard tid<\/option><option value=\"13:01 - 12:00\">Samlingslokalen - standard tid<\/option><option value=\"13:00 - 18:00\">Samlingslokalen - kort \/ barnkalas<\/option><option value=\"18:00 - 21:00\">Samlingslokalen - m\u00f6te<\/option><option value=\"13:00 - 12:00\">Snickarboa - dygn<\/option><\/select><\/span><\/p>\r\n\t  <p>Fyll i kontrollkoden:<br \/><\/p>\r\n     <p><input  autocomplete=\"off\" type=\"hidden\" name=\"wpdev_captcha_challenge_3\"  id=\"wpdev_captcha_challenge_3\" value=\"100547273\" \/><input  autocomplete=\"off\" type=\"text\" class=\"captachinput\" value=\"\" name=\"captcha_input3\" id=\"captcha_input3\" \/><img decoding=\"async\" class=\"captcha_img\"  id=\"captcha_img3\" alt=\"captcha\" src=\"https:\/\/mail.docenten.se\/bokning\/docenten\/wp-content\/plugins\/booking.bs.9.4.1\/js\/captcha\/tmp\/100547273.png\" \/><span id=\"captcha_msg3\" class=\"wpdev-help-message\" ><\/span><\/p>\r\n     <p><input type=\"button\" value=\"Skicka\" class=\"btn\" onclick=\"mybooking_submit(this.form,3, 'sv_SE' );\" \/><img decoding=\"async\" class=\"ajax-loader\"  style=\"vertical-align:middle;box-shadow:none;width:14px;visibility: hidden;\" alt=\"ajax loader\" src=\"https:\/\/mail.docenten.se\/bokning\/docenten\/wp-content\/plugins\/booking.bs.9.4.1\/assets\/img\/ajax-loader.gif\" \/><\/p>\r\n  <\/div>\r\n<\/div>\r\n<div class=\"wpbc_booking_form_footer\"><\/div><input name=\"starttime3\"  id=\"starttime3\" type=\"text\" value=\"13:00\" style=\"display:none;\"><input name=\"endtime3\"  id=\"endtime3\" type=\"text\" value=\"12:00\"  style=\"display:none;\"><input id=\"bk_type3\" name=\"bk_type3\" class=\"\" type=\"hidden\" value=\"3\" \/><\/div><div id=\"submiting3\"><\/div><div class=\"form_bk_messages\" id=\"form_bk_messages3\" ><\/div><input type=\"hidden\" id=\"wpbc_nonce3\" name=\"wpbc_nonce3\" value=\"71e9edcf33\" \/><input type=\"hidden\" name=\"_wp_http_referer\" value=\"\/bokning\/docenten\/wp-json\/wp\/v2\/pages\/58\" \/><input type=\"hidden\" id=\"wpbc_nonceCALCULATE_THE_COST3\" name=\"wpbc_nonceCALCULATE_THE_COST3\" value=\"9275a5c34b\" \/><input type=\"hidden\" name=\"_wp_http_referer\" value=\"\/bokning\/docenten\/wp-json\/wp\/v2\/pages\/58\" \/><\/form><\/div><div id=\"booking_form_garbage3\" class=\"booking_form_garbage\"><\/div><script type=\"text\/javascript\">\n                                jQuery(document).ready( function(){\n                                    jQuery(\".widget_wpdev_booking .booking_form.form-horizontal\").removeClass(\"form-horizontal\");\n                                    var visible_booking_id_on_page_num = visible_booking_id_on_page.length;\n                                    if (visible_booking_id_on_page_num !== null ) {\n                                        for (var i=0;i< visible_booking_id_on_page_num ;i++){\n                                          if ( visible_booking_id_on_page[i]==\"booking_form_div3\" ) {\n                                              document.getElementById(\"form_id615429521494\").innerHTML = \"<span style='color:#A00;font-size:10px;'>Varning! Bokningskalender f\u00f6r denna bokningsresurs finns redan p\u00e5 sidan, du kan l\u00e4sa mer om detta p\u00e5 denna sida: https:\/\/wpbookingcalendar.com\/faq\/why-the-booking-calendar-widget-not-show-on-page\/<\/span>\";                                                                                                  \n                                              jQuery(\"#form_id615429521494\").animate( {opacity: 1}, 10000 ).fadeOut(5000);\n                                              return;\n                                          }\n                                        }\n                                        visible_booking_id_on_page[ visible_booking_id_on_page_num ]=\"booking_form_div3\";\n                                    }\n                                });\n                            <\/script> <script type='text\/javascript'>  jQuery(document).ready( function(){  date_admin_blank[3] = [];  date2approve[3] = [];  var date_approved_par = [];  init_datepick_cal('3', date_approved_par, 3 , 1, false   );  }); <\/script><\/div>\n\n\n<ul class=\"wp-block-page-list\"><li class=\"wp-block-pages-list__item menu-item-home\"><a class=\"wp-block-pages-list__item__link\" href=\"https:\/\/mail.docenten.se\/bokning\/docenten\/\">Bokningar<\/a><\/li><li class=\"wp-block-pages-list__item\"><a class=\"wp-block-pages-list__item__link\" href=\"https:\/\/mail.docenten.se\/bokning\/docenten\/lagenheten\/\">L\u00e4genheten<\/a><\/li><li class=\"wp-block-pages-list__item\"><a class=\"wp-block-pages-list__item__link\" href=\"https:\/\/mail.docenten.se\/bokning\/docenten\/samlingslokalen\/\">Samlingslokalen<\/a><\/li><li class=\"wp-block-pages-list__item\"><a class=\"wp-block-pages-list__item__link\" href=\"https:\/\/mail.docenten.se\/bokning\/docenten\/snickarboa\/\">Snickarboa<\/a><\/li><\/ul>","protected":false},"excerpt":{"rendered":"<p>Bokning av Snickarboa sker normalt veckovis. Klicka g\u00e4rna p\u00e5 start och slutdatum.<\/p>\n","protected":false},"author":1,"featured_media":0,"parent":0,"menu_order":0,"comment_status":"closed","ping_status":"closed","template":"","meta":{"footnotes":""},"class_list":["post-58","page","type-page","status-publish","hentry"],"_links":{"self":[{"href":"https:\/\/mail.docenten.se\/bokning\/docenten\/wp-json\/wp\/v2\/pages\/58","targetHints":{"allow":["GET"]}}],"collection":[{"href":"https:\/\/mail.docenten.se\/bokning\/docenten\/wp-json\/wp\/v2\/pages"}],"about":[{"href":"https:\/\/mail.docenten.se\/bokning\/docenten\/wp-json\/wp\/v2\/types\/page"}],"author":[{"embeddable":true,"href":"https:\/\/mail.docenten.se\/bokning\/docenten\/wp-json\/wp\/v2\/users\/1"}],"replies":[{"embeddable":true,"href":"https:\/\/mail.docenten.se\/bokning\/docenten\/wp-json\/wp\/v2\/comments?post=58"}],"version-history":[{"count":5,"href":"https:\/\/mail.docenten.se\/bokning\/docenten\/wp-json\/wp\/v2\/pages\/58\/revisions"}],"predecessor-version":[{"id":93,"href":"https:\/\/mail.docenten.se\/bokning\/docenten\/wp-json\/wp\/v2\/pages\/58\/revisions\/93"}],"wp:attachment":[{"href":"https:\/\/mail.docenten.se\/bokning\/docenten\/wp-json\/wp\/v2\/media?parent=58"}],"curies":[{"name":"wp","href":"https:\/\/api.w.org\/{rel}","templated":true}]}}