{"id":47,"date":"2022-05-02T17:52:13","date_gmt":"2022-05-02T15:52:13","guid":{"rendered":"http:\/\/mail.docenten.se\/bokning\/docenten\/?page_id=47"},"modified":"2025-01-15T15:47:22","modified_gmt":"2025-01-15T14:47:22","slug":"samlingslokalen","status":"publish","type":"page","link":"https:\/\/mail.docenten.se\/bokning\/docenten\/samlingslokalen\/","title":{"rendered":"Samlingslokalen"},"content":{"rendered":"\n<figure class=\"wp-block-image size-full is-resized\"><a href=\"https:\/\/www.hsb.se\/sodertorn\/brf\/docenten\/vara-lokaler2\/samlingslokal\"><img loading=\"lazy\" decoding=\"async\" width=\"512\" height=\"512\" src=\"http:\/\/mail.docenten.se\/bokning\/docenten\/wp-content\/uploads\/2022\/05\/2031484.png\" alt=\"\" class=\"wp-image-79\" style=\"width:61px;height:61px\" srcset=\"https:\/\/mail.docenten.se\/bokning\/docenten\/wp-content\/uploads\/2022\/05\/2031484.png 512w, https:\/\/mail.docenten.se\/bokning\/docenten\/wp-content\/uploads\/2022\/05\/2031484-300x300.png 300w, https:\/\/mail.docenten.se\/bokning\/docenten\/wp-content\/uploads\/2022\/05\/2031484-150x150.png 150w\" sizes=\"auto, (max-width: 512px) 100vw, 512px\" \/><\/a><figcaption class=\"wp-element-caption\">Tillbaka<\/figcaption><\/figure>\n\n\n\n<p>OBS! Ny bokningskalender f\u00f6r samlingslokalen! <a href=\"https:\/\/mail.docenten.se\/bokning\/samlingslokalen\/\">Klicka h\u00e4r<\/a><\/p>\n\n\n\n<p><!-- <p>OBS! Nya priser: 750 kr\/dygn fre-l\u00f6r samt dag f\u00f6re r\u00f6d dag samt\u00a0 350 kr\/dygn s\u00f6n-tors samt vid korttidsbokning.<\/p>--><\/p>\n\n\n\n<p class=\"has-small-font-size\"><!-- <p class=\"is-style-inclusive-border has-small-font-size\">Klicka p\u00e5 en dag i taget om du ska boka flera dagar. Samlingslokalen \u00e4r alltid, f\u00f6rutom korttidsbokning s\u00e5som barnkalas, fr\u00e5n 13:00 till 12:00 dagen efter. Ska du ha fest p\u00e5 en l\u00f6rdag, v\u00e4lj d\u00e5 l\u00f6rdag och s\u00f6ndag s\u00e5 f\u00e5r du lokalen l\u00f6rdag kl 13:00 till s\u00f6ndag kl 12:00. <\/p>--><\/p>\n\n\n\n<!-- <ul style=\"font-size:13px\">\n\n<li>Standard tid: 13:00 - 12:00 f\u00f6ljande dag<\/li>\n\n\n<!-- <li>Korttid \/ barnkalas: 13:00 - 18:00 samma dag (meddela oss andra \u00f6nskem\u00e5l)<\/li>\n\n\n<!-- <li>M\u00f6testid: 18:00-21:00 (endast f\u00f6rtroendevalda)<\/li>\n\n<\/ul>\n\n\n<!-- \/wp:post-content -->\n<!-- <div class=\"wp-block-booking-booking\">[booking type=1 nummonths=3]<\/div>  -->\n<!-- \/wp:booking\/booking -->","protected":false},"excerpt":{"rendered":"<p>OBS! Ny bokningskalender f\u00f6r samlingslokalen! Klicka h\u00e4r<\/p>\n","protected":false},"author":1,"featured_media":0,"parent":0,"menu_order":0,"comment_status":"closed","ping_status":"closed","template":"","meta":{"footnotes":""},"class_list":["post-47","page","type-page","status-publish","hentry"],"_links":{"self":[{"href":"https:\/\/mail.docenten.se\/bokning\/docenten\/wp-json\/wp\/v2\/pages\/47","targetHints":{"allow":["GET"]}}],"collection":[{"href":"https:\/\/mail.docenten.se\/bokning\/docenten\/wp-json\/wp\/v2\/pages"}],"about":[{"href":"https:\/\/mail.docenten.se\/bokning\/docenten\/wp-json\/wp\/v2\/types\/page"}],"author":[{"embeddable":true,"href":"https:\/\/mail.docenten.se\/bokning\/docenten\/wp-json\/wp\/v2\/users\/1"}],"replies":[{"embeddable":true,"href":"https:\/\/mail.docenten.se\/bokning\/docenten\/wp-json\/wp\/v2\/comments?post=47"}],"version-history":[{"count":20,"href":"https:\/\/mail.docenten.se\/bokning\/docenten\/wp-json\/wp\/v2\/pages\/47\/revisions"}],"predecessor-version":[{"id":159,"href":"https:\/\/mail.docenten.se\/bokning\/docenten\/wp-json\/wp\/v2\/pages\/47\/revisions\/159"}],"wp:attachment":[{"href":"https:\/\/mail.docenten.se\/bokning\/docenten\/wp-json\/wp\/v2\/media?parent=47"}],"curies":[{"name":"wp","href":"https:\/\/api.w.org\/{rel}","templated":true}]}}